{"id":100,"date":"2025-07-19T08:45:23","date_gmt":"2025-07-19T08:45:23","guid":{"rendered":"https:\/\/darkslategray-mantis-461407.hostingersite.com\/home\/"},"modified":"2025-09-04T14:11:37","modified_gmt":"2025-09-04T14:11:37","slug":"home","status":"publish","type":"page","link":"https:\/\/vital-impulse.de\/","title":{"rendered":"Home"},"content":{"rendered":"\n<div class=\"wp-block-uagb-container uagb-block-c6a5a9e8 alignfull uagb-is-root-container\"><div class=\"uagb-container-inner-blocks-wrap\">\n<div class=\"wp-block-uagb-container uagb-block-2017cc88\">\n<h2 class=\"wp-block-heading\">Vitales Leben beginnt hier<\/h2>\n\n\n\n<p>Impulse &amp; Empfehlungen f\u00fcr Gesundheit, Energie und bewusstes Wohlbefinden.<\/p>\n\n\n\n<div class=\"wp-block-uagb-buttons uagb-buttons__outer-wrap uagb-btn__default-btn uagb-btn-tablet__default-btn uagb-btn-mobile__default-btn uagb-block-758a1fea\"><div class=\"uagb-buttons__wrap uagb-buttons-layout-wrap \">\n<div class=\"wp-block-uagb-buttons-child uagb-buttons__outer-wrap uagb-block-014445af wp-block-button btn btn--secondary\"><div class=\"uagb-button__wrapper\"><a class=\"uagb-buttons-repeater wp-block-button__link\" aria-label=\"\" href=\"https:\/\/vital-impulse.de\/gesundheitsprodukte-empfehlung\/\" rel=\"follow noopener\" target=\"_self\" role=\"button\"><div class=\"uagb-button__link\">Zum Ratgeber-Bereich<\/div><\/a><\/div><\/div>\n<\/div><\/div>\n<\/div>\n\n\n\n<div class=\"wp-block-uagb-container uagb-block-f72929c0\">\n<h3 class=\"wp-block-heading has-ast-global-color-0-color has-ast-global-color-5-background-color has-text-color has-background has-link-color has-large-font-size wp-elements-7e1fba817d301ce98d7ef84ff6b4eafc\" style=\"border-style:none;border-width:0px;padding-top:34px;padding-right:24px;padding-bottom:34px;padding-left:24px\">Herzlich willkommen bei Vital-Impulse<\/h3>\n\n\n\n<p class=\"has-ast-global-color-6-color has-text-color has-link-color has-medium-font-size wp-elements-1c8e6b5497b24654b07b2a817e1e496a\">Deine Plattform f\u00fcr ganzheitliche Gesundheit, Achtsamkeit und neue Lebensenergie.<\/p>\n\n\n\n<figure class=\"wp-block-image size-large\"><img loading=\"lazy\" decoding=\"async\" width=\"683\" height=\"1024\" src=\"https:\/\/vital-impulse.de\/wp-content\/uploads\/2025\/07\/ChatGPT-Image-27.-Juli-2025-19_05_56-683x1024.png\" alt=\"chatgpt image 27. juli 2025, 19 05 56\" class=\"wp-image-1471\" srcset=\"https:\/\/vital-impulse.de\/wp-content\/uploads\/2025\/07\/ChatGPT-Image-27.-Juli-2025-19_05_56-683x1024.png 683w, https:\/\/vital-impulse.de\/wp-content\/uploads\/2025\/07\/ChatGPT-Image-27.-Juli-2025-19_05_56-600x900.png 600w, https:\/\/vital-impulse.de\/wp-content\/uploads\/2025\/07\/ChatGPT-Image-27.-Juli-2025-19_05_56-200x300.png 200w, https:\/\/vital-impulse.de\/wp-content\/uploads\/2025\/07\/ChatGPT-Image-27.-Juli-2025-19_05_56-768x1152.png 768w, https:\/\/vital-impulse.de\/wp-content\/uploads\/2025\/07\/ChatGPT-Image-27.-Juli-2025-19_05_56.png 1024w\" sizes=\"auto, (max-width: 683px) 100vw, 683px\" \/><\/figure>\n<\/div>\n<\/div><\/div>\n\n\n\n<figure class=\"wp-block-video\"><video controls src=\"https:\/\/vital-impulse.de\/wp-content\/uploads\/2025\/07\/3209148-uhd_3840_2160_25fps-6.mp4\"><\/video><\/figure>\n\n\n\n<div class=\"wp-block-buttons is-content-justification-center is-layout-flex wp-container-core-buttons-is-layout-a89b3969 wp-block-buttons-is-layout-flex\">\n<div class=\"wp-block-button gumroad-cta\"><a class=\"wp-block-button__link has-pale-pink-background-color has-background wp-element-button\" href=\"https:\/\/hundherb.gumroad.com\/l\/atem-reset\" target=\"_blank\" rel=\"noopener\">Atem-Reset \u2013 jetzt anh\u00f6ren (9 \u20ac)<\/a><\/div>\n<\/div>\n\n\n\n<div class=\"wp-block-buttons is-layout-flex wp-block-buttons-is-layout-flex\">\n<div class=\"wp-block-button btn btn--secondary\"><a class=\"wp-block-button__link wp-element-button\" href=\"https:\/\/vital-impulse.de\/gesundheitsprodukte-empfehlung\/\">Unsere Empfehlungen entdecken<\/a><\/div>\n<\/div>\n\n\n\n<div class=\"wp-block-group alignfull hostinger-ai-our-blog-1 hostinger-ai-fade-up is-layout-constrained wp-block-group-is-layout-constrained\">\n<div class=\"wp-block-group alignwide hostinger-ai-fade-up is-content-justification-left is-layout-constrained wp-container-core-group-is-layout-12dd3699 wp-block-group-is-layout-constrained\">\n<h2 class=\"wp-block-heading is-style-default hostinger-ai-title has-dark-color has-text-color has-link-color has-x-large-font-size wp-elements-1f466db7736f96a30d91173785ac6138\" style=\"margin-bottom:var(--wp--preset--spacing--50)\">Ratgeber &amp; Impulse<\/h2>\n\n\n\n<div class=\"wp-block-buttons has-custom-font-size has-medium-font-size is-content-justification-center is-layout-flex wp-container-core-buttons-is-layout-a89b3969 wp-block-buttons-is-layout-flex\" style=\"border-style:none;border-width:0px;border-radius:0px\">\n<div class=\"wp-block-button\"><a class=\"wp-block-button__link wp-element-button\" href=\"https:\/\/hundherb.gumroad.com\/l\/atem-reset\" rel=\"https:\/\/hundherb.gumroad.com\/l\/atem-reset noopener\" target=\"_blank\">Atem-Reset &#8211; jetzt anh\u00f6ren (9\u20ac)<\/a><\/div>\n<\/div>\n\n\n\n<div data-wp-context=\"{}\" data-wp-interactive=\"core\/query\" data-wp-key=\"24\" data-wp-router-region=\"query-24\" class=\"wp-block-query alignwide is-layout-flow wp-block-query-is-layout-flow\"><ul class=\"columns-2 post-item wp-block-post-template is-layout-grid wp-container-core-post-template-is-layout-02493678 wp-block-post-template-is-layout-grid\"><li data-wp-key=\"post-template-item-1979\" class=\"wp-block-post post-1979 post type-post status-publish format-standard has-post-thumbnail hentry category--gesundheit\">\n<figure class=\"wp-block-post-featured-image\"><a href=\"https:\/\/vital-impulse.de\/?p=1979\" target=\"_self\"><img loading=\"lazy\" decoding=\"async\" width=\"1024\" height=\"1024\" src=\"https:\/\/vital-impulse.de\/wp-content\/uploads\/2025\/08\/ChatGPT-Image-29.-Aug.-2025-16_33_30.png\" class=\"attachment-blog-thumb size-blog-thumb wp-post-image\" alt=\"Quietum Plus Erfahrung: Was bringt das Nootropikum wirklich?\" style=\"border-radius:20px;object-fit:cover;\" srcset=\"https:\/\/vital-impulse.de\/wp-content\/uploads\/2025\/08\/ChatGPT-Image-29.-Aug.-2025-16_33_30.png 1024w, https:\/\/vital-impulse.de\/wp-content\/uploads\/2025\/08\/ChatGPT-Image-29.-Aug.-2025-16_33_30-300x300.png 300w, https:\/\/vital-impulse.de\/wp-content\/uploads\/2025\/08\/ChatGPT-Image-29.-Aug.-2025-16_33_30-100x100.png 100w, https:\/\/vital-impulse.de\/wp-content\/uploads\/2025\/08\/ChatGPT-Image-29.-Aug.-2025-16_33_30-600x600.png 600w, https:\/\/vital-impulse.de\/wp-content\/uploads\/2025\/08\/ChatGPT-Image-29.-Aug.-2025-16_33_30-150x150.png 150w, https:\/\/vital-impulse.de\/wp-content\/uploads\/2025\/08\/ChatGPT-Image-29.-Aug.-2025-16_33_30-768x768.png 768w\" sizes=\"auto, (max-width: 1024px) 100vw, 1024px\" \/><\/a><\/figure>\n\n<h2 style=\"margin-bottom:0;margin-top:var(--wp--preset--spacing--20);\" class=\"wp-block-post-title has-large-font-size\"><a href=\"https:\/\/vital-impulse.de\/?p=1979\" target=\"_self\">Quietum Plus Erfahrung: Was bringt das Nootropikum wirklich?<\/a><\/h2>\n\n<div style=\"margin-bottom:0;margin-top:var(--wp--preset--spacing--20);\" class=\"wp-block-post-excerpt\"><p class=\"wp-block-post-excerpt__excerpt\">Quietum Plus Erfahrungen: Viele von uns k\u00e4mpfen im Alltag mit Ablenkungen, mentaler M\u00fcdigkeit und einem Gef\u00fchl von \u201eBrain Nebel\u201c. aria-label=&#8220;NeuroActiv6&hellip; <\/p><\/div>\n\n<div style=\"margin-top:var(--wp--preset--spacing--20);\" class=\"wp-block-post-date\"><time datetime=\"2025-08-26T15:57:05+00:00\">8\/26\/2025<\/time><\/div>\n<\/li><li data-wp-key=\"post-template-item-1915\" class=\"wp-block-post post-1915 post type-post status-publish format-standard has-post-thumbnail hentry category-vitalstoffe-ergaenzungen\">\n<figure class=\"wp-block-post-featured-image\"><a href=\"https:\/\/vital-impulse.de\/?p=1915\" target=\"_self\"><img loading=\"lazy\" decoding=\"async\" width=\"1200\" height=\"799\" src=\"https:\/\/vital-impulse.de\/wp-content\/uploads\/2025\/08\/Zahnmodell_Gloves_1200px.jpg\" class=\"attachment-blog-thumb size-blog-thumb wp-post-image\" alt=\"ProDentim Erfahrungen: Zahngesundheit mit Probiotika\" style=\"border-radius:20px;object-fit:cover;\" srcset=\"https:\/\/vital-impulse.de\/wp-content\/uploads\/2025\/08\/Zahnmodell_Gloves_1200px.jpg 1200w, https:\/\/vital-impulse.de\/wp-content\/uploads\/2025\/08\/Zahnmodell_Gloves_1200px-600x400.jpg 600w, https:\/\/vital-impulse.de\/wp-content\/uploads\/2025\/08\/Zahnmodell_Gloves_1200px-300x200.jpg 300w, https:\/\/vital-impulse.de\/wp-content\/uploads\/2025\/08\/Zahnmodell_Gloves_1200px-1024x682.jpg 1024w, https:\/\/vital-impulse.de\/wp-content\/uploads\/2025\/08\/Zahnmodell_Gloves_1200px-768x511.jpg 768w\" sizes=\"auto, (max-width: 1200px) 100vw, 1200px\" \/><\/a><\/figure>\n\n<h2 style=\"margin-bottom:0;margin-top:var(--wp--preset--spacing--20);\" class=\"wp-block-post-title has-large-font-size\"><a href=\"https:\/\/vital-impulse.de\/?p=1915\" target=\"_self\">ProDentim Erfahrungen: Zahngesundheit mit Probiotika<\/a><\/h2>\n\n<div style=\"margin-bottom:0;margin-top:var(--wp--preset--spacing--20);\" class=\"wp-block-post-excerpt\"><p class=\"wp-block-post-excerpt__excerpt\">ProDentim Erfahrungen \u2013 in diesem Artikel pr\u00fcfen wir neutral, was hinter den Versprechen steckt: Anwendung, Inhaltsstoffe, m\u00f6gliche Vorteile und Grenzen.&hellip; <\/p><\/div>\n\n<div style=\"margin-top:var(--wp--preset--spacing--20);\" class=\"wp-block-post-date\"><time datetime=\"2025-08-24T14:19:39+00:00\">8\/24\/2025<\/time><\/div>\n<\/li><\/ul><\/div>\n<\/div>\n<\/div>\n\n\n\n<div class=\"wp-block-group alignfull hostinger-ai-gallery-5 hostinger-ai-fade-up is-layout-flow wp-block-group-is-layout-flow\">\n<div class=\"wp-block-group alignwide hostinger-ai-fade-up is-layout-constrained wp-block-group-is-layout-constrained\" style=\"padding-top:var(--wp--preset--spacing--60);padding-bottom:var(--wp--preset--spacing--60)\">\n<h2 class=\"wp-block-heading has-text-align-center hostinger-ai-title has-dark-color has-text-color has-link-color has-x-large-font-size wp-elements-04572f50d3f0a49ed58d4f23506b9fd2\" style=\"margin-top:0;margin-right:0;margin-bottom:var(--wp--preset--spacing--20);margin-left:0\">Vital-Impulse im \u00dcberblick<\/h2>\n\n\n\n<p class=\"has-text-align-center hostinger-ai-description has-dark-color has-text-color has-link-color has-medium-font-size wp-elements-848b4843b841a055c783ba7664d9f818\" style=\"margin-top:0;margin-bottom:0\">Entdecke Tipps &amp; Produktempfehlungen f\u00fcr einen bewussten, gesunden Lebensstil<\/p>\n<\/div>\n\n\n\n<div class=\"wp-block-group hostinger-ai-fade-up is-layout-constrained wp-block-group-is-layout-constrained\" style=\"margin-top:0;margin-bottom:var(--wp--preset--spacing--60)\">\n<div class=\"wp-block-columns alignwide is-layout-flex wp-container-core-columns-is-layout-28f84493 wp-block-columns-is-layout-flex\">\n<div class=\"wp-block-column is-layout-flow wp-block-column-is-layout-flow\" style=\"flex-basis:20%\">\n<div class=\"wp-block-group is-vertical is-layout-flex wp-container-core-group-is-layout-fe9cc265 wp-block-group-is-layout-flex\">\n<figure class=\"wp-block-image size-full has-custom-border hostinger-ai-image hostinger-index-22\"><img decoding=\"async\" src=\"https:\/\/images.unsplash.com\/photo-1631804590441-0b4251bb11f4?q=85&amp;w=214&amp;h=320&amp;fit=crop\" alt=\"A collection of health supplement containers placed on a wooden tray with a decorative sprig of flowers. The large jar on the left displays a product labeled 'Estre\u00f1igran', while two smaller bottles on the right are labeled 'REDU Gran Plus' and 'COLON Cleanser'. The setting has a light gray background with a lavender surface.\" class=\"wp-image-1212\" style=\"border-radius:16px;object-fit:cover\"\/><\/figure>\n\n\n\n<figure class=\"wp-block-image size-full has-custom-border hostinger-ai-image hostinger-index-23\"><img decoding=\"async\" src=\"https:\/\/images.unsplash.com\/photo-1600709206786-f96656b15a3c?q=85&amp;w=214&amp;h=320&amp;fit=crop\" alt=\"An arrangement of skincare products, supplements, and gummies on a light, textured surface. The products include bottles, boxes, and plates with samples. Some gummy candies are scattered around, adding color.\" class=\"wp-image-1212\" style=\"border-radius:16px\"\/><\/figure>\n<\/div>\n<\/div>\n\n\n\n<div class=\"wp-block-column is-layout-flow wp-block-column-is-layout-flow\" style=\"flex-basis:60%\">\n<figure class=\"wp-block-image size-full has-custom-border hostinger-ai-image hostinger-index-24\"><img decoding=\"async\" src=\"https:\/\/images.unsplash.com\/photo-1692689386036-96ff07927681?q=85&amp;w=642&amp;h=657&amp;fit=crop\" alt=\"A market stall displaying an array of natural hair and skincare products, including bottles, jars, and soap bars. Promotional signs indicate offerings such as natural hair treatments, sprays, and soap. The products are neatly arranged on wooden blocks and layered fabric, with a variety of colors and branding labels visible.\" class=\"wp-image-1222\" style=\"border-radius:16px\"\/><\/figure>\n<\/div>\n\n\n\n<div class=\"wp-block-column is-layout-flow wp-block-column-is-layout-flow\" style=\"flex-basis:20%\">\n<div class=\"wp-block-group is-vertical is-layout-flex wp-container-core-group-is-layout-fe9cc265 wp-block-group-is-layout-flex\">\n<figure class=\"wp-block-image size-full has-custom-border hostinger-ai-image hostinger-index-25\"><img decoding=\"async\" src=\"https:\/\/images.unsplash.com\/photo-1601208609469-625ff6f4ea7e?q=85&amp;w=214&amp;h=320&amp;fit=crop\" alt=\"Two boxes of a product labeled 'Nutral Therapy' and 'Zeytinya\u011f Bazl\u0131 Propolis' with details about its ingredients and volume. The design is simple with white and yellow accents, featuring circular icons indicating certain attributes such as honesty therapy, alcohol-free, and patented.\" class=\"wp-image-1212\" style=\"border-radius:16px\"\/><\/figure>\n\n\n\n<figure class=\"wp-block-image size-full has-custom-border hostinger-ai-image hostinger-index-26\"><img decoding=\"async\" src=\"https:\/\/images.unsplash.com\/photo-1702432876314-f8aa50fcbf8b?q=85&amp;w=214&amp;h=320&amp;fit=crop\" alt=\"Various wellness and beauty products, including oils in bottles, a bowl of oil, dried flowers, crystals, a smudge stick, and a small dish of cream, are arranged aesthetically on a light surface. The scene is decorated with colorful flowers and herbs.\" class=\"wp-image-1212\" style=\"border-radius:16px\"\/><\/figure>\n<\/div>\n<\/div>\n<\/div>\n<\/div>\n<\/div>\n","protected":false},"excerpt":{"rendered":"<p>Impulse &amp; Empfehlungen f\u00fcr Gesundheit, Energie und bewusstes Wohlbefinden.flex-direction: column; text-align: center; padding: 2rem; color: #ffffff; \u201e> Vitales Leben beginnt hier Impulse &amp; Empfehlungen f\u00fcr Gesundheit, Energie und bewusstes Wohlbefinden. Jetzt entdecken Ratgeber &amp; Impulse Vital-Impulse im \u00dcberblick Entdecke Tipps &amp; Produktempfehlungen f\u00fcr einen bewussten, gesunden Lebensstil<\/p>\n","protected":false},"author":1,"featured_media":0,"parent":0,"menu_order":0,"comment_status":"closed","ping_status":"closed","template":"","meta":{"site-sidebar-layout":"default","site-content-layout":"","ast-site-content-layout":"default","site-content-style":"default","site-sidebar-style":"default","ast-global-header-display":"","ast-banner-title-visibility":"","ast-main-header-display":"","ast-hfb-above-header-display":"","ast-hfb-below-header-display":"","ast-hfb-mobile-header-display":"","site-post-title":"","ast-breadcrumbs-content":"","ast-featured-img":"","footer-sml-layout":"","theme-transparent-header-meta":"","adv-header-id-meta":"","stick-header-meta":"","header-above-stick-meta":"","header-main-stick-meta":"","header-below-stick-meta":"","astra-migrate-meta-layouts":"set","ast-page-background-enabled":"default","ast-page-background-meta":{"desktop":{"background-color":"","background-image":"","background-repeat":"repeat","background-position":"center center","background-size":"auto","background-attachment":"scroll","background-type":"","background-media":"","overlay-type":"","overlay-color":"","overlay-opacity":"","overlay-gradient":""},"tablet":{"background-color":"","background-image":"","background-repeat":"repeat","background-position":"center center","background-size":"auto","background-attachment":"scroll","background-type":"","background-media":"","overlay-type":"","overlay-color":"","overlay-opacity":"","overlay-gradient":""},"mobile":{"background-color":"","background-image":"","background-repeat":"repeat","background-position":"center center","background-size":"auto","background-attachment":"scroll","background-type":"","background-media":"","overlay-type":"","overlay-color":"","overlay-opacity":"","overlay-gradient":""}},"ast-content-background-meta":{"desktop":{"background-color":"var(--ast-global-color-5)","background-image":"","background-repeat":"repeat","background-position":"center center","background-size":"auto","background-attachment":"scroll","background-type":"","background-media":"","overlay-type":"","overlay-color":"","overlay-opacity":"","overlay-gradient":""},"tablet":{"background-color":"var(--ast-global-color-5)","background-image":"","background-repeat":"repeat","background-position":"center center","background-size":"auto","background-attachment":"scroll","background-type":"","background-media":"","overlay-type":"","overlay-color":"","overlay-opacity":"","overlay-gradient":""},"mobile":{"background-color":"var(--ast-global-color-5)","background-image":"","background-repeat":"repeat","background-position":"center center","background-size":"auto","background-attachment":"scroll","background-type":"","background-media":"","overlay-type":"","overlay-color":"","overlay-opacity":"","overlay-gradient":""}},"footnotes":""},"class_list":["post-100","page","type-page","status-publish","hentry"],"_links":{"self":[{"href":"https:\/\/vital-impulse.de\/index.php?rest_route=\/wp\/v2\/pages\/100","targetHints":{"allow":["GET"]}}],"collection":[{"href":"https:\/\/vital-impulse.de\/index.php?rest_route=\/wp\/v2\/pages"}],"about":[{"href":"https:\/\/vital-impulse.de\/index.php?rest_route=\/wp\/v2\/types\/page"}],"author":[{"embeddable":true,"href":"https:\/\/vital-impulse.de\/index.php?rest_route=\/wp\/v2\/users\/1"}],"replies":[{"embeddable":true,"href":"https:\/\/vital-impulse.de\/index.php?rest_route=%2Fwp%2Fv2%2Fcomments&post=100"}],"version-history":[{"count":94,"href":"https:\/\/vital-impulse.de\/index.php?rest_route=\/wp\/v2\/pages\/100\/revisions"}],"predecessor-version":[{"id":2136,"href":"https:\/\/vital-impulse.de\/index.php?rest_route=\/wp\/v2\/pages\/100\/revisions\/2136"}],"wp:attachment":[{"href":"https:\/\/vital-impulse.de\/index.php?rest_route=%2Fwp%2Fv2%2Fmedia&parent=100"}],"curies":[{"name":"wp","href":"https:\/\/api.w.org\/{rel}","templated":true}]}}